{"id":3581,"date":"2026-03-21T10:41:45","date_gmt":"2026-03-21T16:11:45","guid":{"rendered":"https:\/\/infradataperu.com\/?post_type=product&#038;p=3581"},"modified":"2026-03-21T17:37:31","modified_gmt":"2026-03-21T23:07:31","slug":"servicios-de-telecomunicaciones","status":"publish","type":"product","link":"https:\/\/infradataperu.com\/index.php\/producto\/servicios-de-telecomunicaciones\/","title":{"rendered":"Servicios de Telecomunicaciones"},"content":{"rendered":"<p>[et_pb_section fb_built=\u00bb1&#8243; admin_label=\u00bbHero\u00bb _builder_version=\u00bb4.27.6&#8243; use_background_color_gradient=\u00bbon\u00bb background_color_gradient_type=\u00bbcircular\u00bb background_color_gradient_direction_radial=\u00bbtop left\u00bb background_color_gradient_stops=\u00bbrgba(40,40,40,0.79) 0%|rgba(40,40,40,0.86) 100%\u00bb background_color_gradient_overlays_image=\u00bbon\u00bb background_color_gradient_start=\u00bbrgba(40,40,40,0.79)\u00bb background_color_gradient_end=\u00bbrgba(40,40,40,0.86)\u00bb background_image=\u00bbhttps:\/\/infradataperu.com\/wp-content\/uploads\/2026\/03\/Implemetacion-de-Tegnologias.png\u00bb custom_margin=\u00bb||||false\u00bb custom_padding=\u00bb10vw||10vw||true|false\u00bb global_colors_info=\u00bb{}\u00bb][et_pb_row _builder_version=\u00bb4.27.6&#8243; global_colors_info=\u00bb{}\u00bb][et_pb_column type=\u00bb4_4&#8243; _builder_version=\u00bb4.16&#8243; custom_padding=\u00bb|||\u00bb global_colors_info=\u00bb{}\u00bb custom_padding__hover=\u00bb|||\u00bb][et_pb_text _builder_version=\u00bb4.16&#8243; text_font=\u00bb||||||||\u00bb header_font=\u00bbRubik|700|||||||\u00bb header_font_size=\u00bb64px\u00bb header_line_height=\u00bb1.1em\u00bb background_layout=\u00bbdark\u00bb max_width=\u00bb800px\u00bb custom_margin=\u00bb||0px|\u00bb custom_padding=\u00bb|||16px\u00bb text_font_size_tablet=\u00bb14px\u00bb text_font_size_last_edited=\u00bboff|desktop\u00bb header_font_size_tablet=\u00bb44px\u00bb header_font_size_phone=\u00bb32px\u00bb header_font_size_last_edited=\u00bbon|phone\u00bb border_color_all=\u00bb#ffb400&#8243; border_width_left=\u00bb10px\u00bb global_colors_info=\u00bb{}\u00bb]<\/p>\n<h1>Servicios de Telecomunicaciones<\/h1>\n<p>[\/et_pb_text][et_pb_text _builder_version=\u00bb4.27.6&#8243; text_font=\u00bb||||||||\u00bb text_font_size=\u00bb22px\u00bb text_line_height=\u00bb1.6em\u00bb header_font=\u00bb||||||||\u00bb background_layout=\u00bbdark\u00bb max_width=\u00bb800px\u00bb custom_margin=\u00bb|||\u00bb custom_padding=\u00bb20px||20px||true\u00bb text_font_size_tablet=\u00bb18px\u00bb text_font_size_phone=\u00bb\u00bb text_font_size_last_edited=\u00bbon|phone\u00bb global_colors_info=\u00bb{}\u00bb]<\/p>\n<p>Brindamos soluciones para infraestructura de telecomunicaciones, conectividad y transmisi\u00f3n de datos.<\/p>\n<p>[\/et_pb_text][\/et_pb_column][\/et_pb_row][\/et_pb_section][et_pb_section fb_built=\u00bb1&#8243; _builder_version=\u00bb4.16&#8243; custom_padding=\u00bb0px||||false|false\u00bb global_colors_info=\u00bb{}\u00bb][et_pb_row _builder_version=\u00bb4.16&#8243; background_size=\u00bbinitial\u00bb background_position=\u00bbtop_left\u00bb background_repeat=\u00bbrepeat\u00bb width=\u00bb100%\u00bb custom_padding=\u00bb0px||0px||false|false\u00bb global_colors_info=\u00bb{}\u00bb][et_pb_column type=\u00bb4_4&#8243; _builder_version=\u00bb4.16&#8243; custom_padding=\u00bb|||\u00bb global_colors_info=\u00bb{}\u00bb custom_padding__hover=\u00bb|||\u00bb][et_pb_wc_breadcrumb _builder_version=\u00bb4.16&#8243; global_colors_info=\u00bb{}\u00bb][\/et_pb_wc_breadcrumb][et_pb_wc_cart_notice _builder_version=\u00bb4.16&#8243; global_colors_info=\u00bb{}\u00bb][\/et_pb_wc_cart_notice][\/et_pb_column][\/et_pb_row][et_pb_row column_structure=\u00bb1_2,1_2&#8243; _builder_version=\u00bb4.16&#8243; background_size=\u00bbinitial\u00bb background_position=\u00bbtop_left\u00bb background_repeat=\u00bbrepeat\u00bb width=\u00bb100%\u00bb custom_padding=\u00bb0px||||false|false\u00bb global_colors_info=\u00bb{}\u00bb][et_pb_column type=\u00bb1_2&#8243; _builder_version=\u00bb4.16&#8243; custom_padding=\u00bb|||\u00bb global_colors_info=\u00bb{}\u00bb custom_padding__hover=\u00bb|||\u00bb][et_pb_wc_images _builder_version=\u00bb4.16&#8243; global_colors_info=\u00bb{}\u00bb][\/et_pb_wc_images][\/et_pb_column][et_pb_column type=\u00bb1_2&#8243; _builder_version=\u00bb4.16&#8243; custom_padding=\u00bb|||\u00bb global_colors_info=\u00bb{}\u00bb custom_padding__hover=\u00bb|||\u00bb][et_pb_wc_title _builder_version=\u00bb4.27.6&#8243; max_width=\u00bb80%\u00bb module_alignment=\u00bbcenter\u00bb global_colors_info=\u00bb{}\u00bb][\/et_pb_wc_title][et_pb_wc_rating _builder_version=\u00bb4.27.6&#8243; max_width=\u00bb80%\u00bb module_alignment=\u00bbcenter\u00bb global_colors_info=\u00bb{}\u00bb][\/et_pb_wc_rating][et_pb_wc_price _builder_version=\u00bb4.16&#8243; global_colors_info=\u00bb{}\u00bb][\/et_pb_wc_price][et_pb_wc_description _builder_version=\u00bb4.27.6&#8243; text_orientation=\u00bbjustified\u00bb max_width=\u00bb80%\u00bb module_alignment=\u00bbcenter\u00bb global_colors_info=\u00bb{}\u00bb][\/et_pb_wc_description][et_pb_wc_add_to_cart _builder_version=\u00bb4.16&#8243; global_colors_info=\u00bb{}\u00bb][\/et_pb_wc_add_to_cart][et_pb_wc_meta _builder_version=\u00bb4.27.6&#8243; max_width=\u00bb80%\u00bb module_alignment=\u00bbcenter\u00bb global_colors_info=\u00bb{}\u00bb][\/et_pb_wc_meta][\/et_pb_column][\/et_pb_row][et_pb_row _builder_version=\u00bb4.27.6&#8243; _module_preset=\u00bbdefault\u00bb global_colors_info=\u00bb{}\u00bb][et_pb_column type=\u00bb4_4&#8243; _builder_version=\u00bb4.27.6&#8243; _module_preset=\u00bbdefault\u00bb global_colors_info=\u00bb{}\u00bb][et_pb_heading title=\u00bbBeneficios\u00bb _builder_version=\u00bb4.27.6&#8243; _module_preset=\u00bbdefault\u00bb global_colors_info=\u00bb{}\u00bb][\/et_pb_heading][et_pb_text _builder_version=\u00bb4.27.6&#8243; _module_preset=\u00bbdefault\u00bb global_colors_info=\u00bb{}\u00bb]<\/p>\n<p>\u2714 Mejor cobertura y conectividad<\/p>\n<p>[\/et_pb_text][\/et_pb_column][\/et_pb_row][et_pb_row _builder_version=\u00bb4.16&#8243; background_size=\u00bbinitial\u00bb background_position=\u00bbtop_left\u00bb background_repeat=\u00bbrepeat\u00bb width=\u00bb100%\u00bb global_colors_info=\u00bb{}\u00bb][et_pb_column type=\u00bb4_4&#8243; _builder_version=\u00bb4.16&#8243; custom_padding=\u00bb|||\u00bb global_colors_info=\u00bb{}\u00bb custom_padding__hover=\u00bb|||\u00bb][et_pb_wc_tabs _builder_version=\u00bb4.27.6&#8243; global_colors_info=\u00bb{}\u00bb]\t\t\t\t\t[\/et_pb_wc_tabs][et_pb_wc_upsells _builder_version=\u00bb4.16&#8243; global_colors_info=\u00bb{}\u00bb][\/et_pb_wc_upsells][et_pb_wc_related_products _builder_version=\u00bb4.27.6&#8243; title_text_align=\u00bbcenter\u00bb product_title_text_align=\u00bbcenter\u00bb product_title_font_size=\u00bb16px\u00bb text_orientation=\u00bbcenter\u00bb max_width=\u00bb90%\u00bb module_alignment=\u00bbcenter\u00bb global_colors_info=\u00bb{}\u00bb][\/et_pb_wc_related_products][\/et_pb_column][\/et_pb_row][et_pb_row _builder_version=\u00bb4.27.6&#8243; _module_preset=\u00bbdefault\u00bb][et_pb_column _builder_version=\u00bb4.27.6&#8243; _module_preset=\u00bbdefault\u00bb type=\u00bb4_4&#8243;][et_pb_divider _builder_version=\u00bb4.27.6&#8243; _module_preset=\u00bbdefault\u00bb hover_enabled=\u00bb0&#8243; sticky_enabled=\u00bb0&#8243;][\/et_pb_divider][\/et_pb_column][\/et_pb_row][et_pb_row _builder_version=\u00bb4.27.6&#8243; _module_preset=\u00bbdefault\u00bb][et_pb_column _builder_version=\u00bb4.27.6&#8243; _module_preset=\u00bbdefault\u00bb type=\u00bb4_4&#8243;][et_pb_button button_text=\u00bbServicios\u00bb _builder_version=\u00bb4.27.6&#8243; _module_preset=\u00bbdefault\u00bb button_url=\u00bb@ET-DC@eyJkeW5hbWljIjp0cnVlLCJjb250ZW50IjoicG9zdF9saW5rX3VybF9wYWdlIiwic2V0dGluZ3MiOnsicG9zdF9pZCI6IjIwNzgifX0=@\u00bb _dynamic_attributes=\u00bbbutton_url\u00bb hover_enabled=\u00bb0&#8243; sticky_enabled=\u00bb0&#8243;][\/et_pb_button][\/et_pb_column][\/et_pb_row][\/et_pb_section][et_pb_section fb_built=\u00bb1&#8243; _builder_version=\u00bb4.27.6&#8243; _module_preset=\u00bbdefault\u00bb background_enable_image=\u00bboff\u00bb background_size=\u00bbcustom\u00bb background_image_width=\u00bb14%\u00bb background_position=\u00bbcenter_left\u00bb background_enable_pattern_style=\u00bbon\u00bb background_pattern_style=\u00bbtufted\u00bb global_colors_info=\u00bb{}\u00bb locked=\u00bboff\u00bb][et_pb_row _builder_version=\u00bb4.27.6&#8243; _module_preset=\u00bbdefault\u00bb global_colors_info=\u00bb{}\u00bb][et_pb_column type=\u00bb4_4&#8243; _builder_version=\u00bb4.27.6&#8243; _module_preset=\u00bbdefault\u00bb global_colors_info=\u00bb{}\u00bb][et_pb_heading title=\u00bb\u00bfTienes problemas de se\u00f1al, cobertura o conectividad en tu empresa o proyecto?\u00bb _builder_version=\u00bb4.27.6&#8243; _module_preset=\u00bbdefault\u00bb hover_enabled=\u00bb0&#8243; global_colors_info=\u00bb{}\u00bb sticky_enabled=\u00bb0&#8243;][\/et_pb_heading][et_pb_text _builder_version=\u00bb4.27.6&#8243; _module_preset=\u00bbdefault\u00bb global_colors_info=\u00bb{}\u00bb]<\/p>\n<p>Brindamos servicios de telecomunicaciones en Cajamarca, incluyendo instalaci\u00f3n de antenas, enlaces inal\u00e1mbricos y soluciones de conectividad adaptadas a cada necesidad.<\/p>\n<p>[\/et_pb_text][\/et_pb_column][\/et_pb_row][et_pb_row _builder_version=\u00bb4.27.6&#8243; _module_preset=\u00bbdefault\u00bb global_colors_info=\u00bb{}\u00bb][et_pb_column type=\u00bb4_4&#8243; _builder_version=\u00bb4.27.6&#8243; _module_preset=\u00bbdefault\u00bb global_colors_info=\u00bb{}\u00bb][et_pb_button button_url=\u00bb@ET-DC@eyJkeW5hbWljIjp0cnVlLCJjb250ZW50IjoicG9zdF9saW5rX3VybF9wYWdlIiwic2V0dGluZ3MiOnsicG9zdF9pZCI6IjI3MDkifX0=@\u00bb button_text=\u00bbContactanos!\u00bb _builder_version=\u00bb4.27.6&#8243; _dynamic_attributes=\u00bbbutton_url\u00bb _module_preset=\u00bbdefault\u00bb global_colors_info=\u00bb{}\u00bb][\/et_pb_button][\/et_pb_column][\/et_pb_row][\/et_pb_section]<\/p>\n","protected":false},"excerpt":{"rendered":"<p data-start=\"1688\" data-end=\"1944\">Brindamos soluciones en telecomunicaciones orientadas a la conectividad y transmisi\u00f3n eficiente de datos. Contamos con experiencia en instalaci\u00f3n y configuraci\u00f3n de sistemas de comunicaci\u00f3n, incluyendo antenas, enlaces inal\u00e1mbricos y redes de fibra \u00f3ptica.<\/p>\n<p data-start=\"1946\" data-end=\"2103\">Realizamos trabajos de implementaci\u00f3n y optimizaci\u00f3n de se\u00f1al, asegurando cobertura adecuada y estabilidad en distintos entornos, tanto urbanos como rurales.<\/p>\n<p data-start=\"2105\" data-end=\"2251\">Nuestros servicios est\u00e1n orientados a empresas y proyectos que requieren infraestructura confiable para comunicaci\u00f3n y transmisi\u00f3n de informaci\u00f3n.<\/p>\n","protected":false},"featured_media":3471,"comment_status":"open","ping_status":"closed","template":"","meta":{"_et_pb_use_builder":"on","_et_pb_old_content":"<h3 data-section-id=\"1sd2ru9\" data-start=\"1756\" data-end=\"1770\">Servicios:<\/h3>\r\n<ul data-start=\"1771\" data-end=\"1865\">\r\n \t<li data-section-id=\"zmfenk\" data-start=\"1771\" data-end=\"1797\">Instalaci\u00f3n de antenas<\/li>\r\n \t<li data-section-id=\"4zpgm3\" data-start=\"1798\" data-end=\"1822\">Enlaces inal\u00e1mbricos<\/li>\r\n \t<li data-section-id=\"1oq2ega\" data-start=\"1823\" data-end=\"1839\">Fibra \u00f3ptica<\/li>\r\n \t<li data-section-id=\"1057xih\" data-start=\"1840\" data-end=\"1865\">Optimizaci\u00f3n de se\u00f1al<\/li>\r\n<\/ul>","_et_gb_content_width":"","_uag_custom_page_level_css":""},"product_brand":[],"product_cat":[15],"product_tag":[],"class_list":{"0":"post-3581","1":"product","2":"type-product","3":"status-publish","4":"has-post-thumbnail","6":"product_cat-sin-categorizar","8":"first","9":"instock","10":"taxable","11":"shipping-taxable","12":"product-type-simple"},"uagb_featured_image_src":{"full":["https:\/\/infradataperu.com\/wp-content\/uploads\/2026\/03\/ChatGPT-Image-9-mar-2026-11_12_19-a.m.png",1024,1536,false],"thumbnail":["https:\/\/infradataperu.com\/wp-content\/uploads\/2026\/03\/ChatGPT-Image-9-mar-2026-11_12_19-a.m-150x150.png",150,150,true],"medium":["https:\/\/infradataperu.com\/wp-content\/uploads\/2026\/03\/ChatGPT-Image-9-mar-2026-11_12_19-a.m-200x300.png",200,300,true],"medium_large":["https:\/\/infradataperu.com\/wp-content\/uploads\/2026\/03\/ChatGPT-Image-9-mar-2026-11_12_19-a.m-768x1152.png",768,1152,true],"large":["https:\/\/infradataperu.com\/wp-content\/uploads\/2026\/03\/ChatGPT-Image-9-mar-2026-11_12_19-a.m-683x1024.png",683,1024,true],"1536x1536":["https:\/\/infradataperu.com\/wp-content\/uploads\/2026\/03\/ChatGPT-Image-9-mar-2026-11_12_19-a.m.png",1024,1536,false],"2048x2048":["https:\/\/infradataperu.com\/wp-content\/uploads\/2026\/03\/ChatGPT-Image-9-mar-2026-11_12_19-a.m.png",1024,1536,false],"et-pb-post-main-image":["https:\/\/infradataperu.com\/wp-content\/uploads\/2026\/03\/ChatGPT-Image-9-mar-2026-11_12_19-a.m-400x250.png",400,250,true],"et-pb-post-main-image-fullwidth":["https:\/\/infradataperu.com\/wp-content\/uploads\/2026\/03\/ChatGPT-Image-9-mar-2026-11_12_19-a.m-1024x675.png",1024,675,true],"et-pb-portfolio-image":["https:\/\/infradataperu.com\/wp-content\/uploads\/2026\/03\/ChatGPT-Image-9-mar-2026-11_12_19-a.m-400x284.png",400,284,true],"et-pb-portfolio-module-image":["https:\/\/infradataperu.com\/wp-content\/uploads\/2026\/03\/ChatGPT-Image-9-mar-2026-11_12_19-a.m-510x382.png",510,382,true],"et-pb-portfolio-image-single":["https:\/\/infradataperu.com\/wp-content\/uploads\/2026\/03\/ChatGPT-Image-9-mar-2026-11_12_19-a.m.png",1024,1536,false],"et-pb-gallery-module-image-portrait":["https:\/\/infradataperu.com\/wp-content\/uploads\/2026\/03\/ChatGPT-Image-9-mar-2026-11_12_19-a.m-400x516.png",400,516,true],"et-pb-post-main-image-fullwidth-large":["https:\/\/infradataperu.com\/wp-content\/uploads\/2026\/03\/ChatGPT-Image-9-mar-2026-11_12_19-a.m.png",1024,1536,false],"et-pb-image--responsive--desktop":["https:\/\/infradataperu.com\/wp-content\/uploads\/2026\/03\/ChatGPT-Image-9-mar-2026-11_12_19-a.m.png",480,720,false],"et-pb-image--responsive--tablet":["https:\/\/infradataperu.com\/wp-content\/uploads\/2026\/03\/ChatGPT-Image-9-mar-2026-11_12_19-a.m-980x1470.png",367,551,true],"et-pb-image--responsive--phone":["https:\/\/infradataperu.com\/wp-content\/uploads\/2026\/03\/ChatGPT-Image-9-mar-2026-11_12_19-a.m-480x720.png",180,270,true],"woocommerce_thumbnail":["https:\/\/infradataperu.com\/wp-content\/uploads\/2026\/03\/ChatGPT-Image-9-mar-2026-11_12_19-a.m-300x300.png",300,300,true],"woocommerce_single":["https:\/\/infradataperu.com\/wp-content\/uploads\/2026\/03\/ChatGPT-Image-9-mar-2026-11_12_19-a.m-600x900.png",600,900,true],"woocommerce_gallery_thumbnail":["https:\/\/infradataperu.com\/wp-content\/uploads\/2026\/03\/ChatGPT-Image-9-mar-2026-11_12_19-a.m-100x100.png",100,100,true]},"uagb_author_info":{"display_name":"rosmel.edwam","author_link":"https:\/\/infradataperu.com\/index.php\/author\/"},"uagb_comment_info":1,"uagb_excerpt":"Brindamos soluciones en telecomunicaciones orientadas a la conectividad y transmisi\u00f3n eficiente de datos. Contamos con experiencia en instalaci\u00f3n y configuraci\u00f3n de sistemas de comunicaci\u00f3n, incluyendo antenas, enlaces inal\u00e1mbricos y redes de fibra \u00f3ptica. Realizamos trabajos de implementaci\u00f3n y optimizaci\u00f3n de se\u00f1al, asegurando cobertura adecuada y estabilidad en distintos entornos, tanto urbanos como rurales. Nuestros servicios&hellip;","_links":{"self":[{"href":"https:\/\/infradataperu.com\/index.php\/wp-json\/wp\/v2\/product\/3581","targetHints":{"allow":["GET"]}}],"collection":[{"href":"https:\/\/infradataperu.com\/index.php\/wp-json\/wp\/v2\/product"}],"about":[{"href":"https:\/\/infradataperu.com\/index.php\/wp-json\/wp\/v2\/types\/product"}],"replies":[{"embeddable":true,"href":"https:\/\/infradataperu.com\/index.php\/wp-json\/wp\/v2\/comments?post=3581"}],"wp:featuredmedia":[{"embeddable":true,"href":"https:\/\/infradataperu.com\/index.php\/wp-json\/wp\/v2\/media\/3471"}],"wp:attachment":[{"href":"https:\/\/infradataperu.com\/index.php\/wp-json\/wp\/v2\/media?parent=3581"}],"wp:term":[{"taxonomy":"product_brand","embeddable":true,"href":"https:\/\/infradataperu.com\/index.php\/wp-json\/wp\/v2\/product_brand?post=3581"},{"taxonomy":"product_cat","embeddable":true,"href":"https:\/\/infradataperu.com\/index.php\/wp-json\/wp\/v2\/product_cat?post=3581"},{"taxonomy":"product_tag","embeddable":true,"href":"https:\/\/infradataperu.com\/index.php\/wp-json\/wp\/v2\/product_tag?post=3581"}],"curies":[{"name":"wp","href":"https:\/\/api.w.org\/{rel}","templated":true}]}}