{"id":3573,"date":"2026-03-21T10:18:44","date_gmt":"2026-03-21T15:48:44","guid":{"rendered":"https:\/\/infradataperu.com\/?post_type=product&#038;p=3573"},"modified":"2026-03-21T17:29:59","modified_gmt":"2026-03-21T22:59:59","slug":"auto-draft","status":"publish","type":"product","link":"https:\/\/infradataperu.com\/index.php\/producto\/auto-draft\/","title":{"rendered":"Redes Empresariales y Cableado Estructurado"},"content":{"rendered":"<p>[et_pb_section fb_built=\u00bb1&#8243; admin_label=\u00bbHero\u00bb _builder_version=\u00bb4.16&#8243; use_background_color_gradient=\u00bbon\u00bb background_color_gradient_type=\u00bbcircular\u00bb background_color_gradient_direction_radial=\u00bbtop left\u00bb background_color_gradient_stops=\u00bbrgba(40,40,40,0.79) 0%|rgba(40,40,40,0.86) 100%\u00bb background_color_gradient_overlays_image=\u00bbon\u00bb background_color_gradient_start=\u00bbrgba(40,40,40,0.79)\u00bb background_color_gradient_end=\u00bbrgba(40,40,40,0.86)\u00bb background_image=\u00bbhttps:\/\/infradataperu.com\/wp-content\/uploads\/2026\/03\/construction-33.jpg\u00bb custom_margin=\u00bb||||false\u00bb custom_padding=\u00bb10vw||10vw||true|false\u00bb global_colors_info=\u00bb{}\u00bb][et_pb_row _builder_version=\u00bb4.27.6&#8243; global_colors_info=\u00bb{}\u00bb][et_pb_column type=\u00bb4_4&#8243; _builder_version=\u00bb4.16&#8243; custom_padding=\u00bb|||\u00bb global_colors_info=\u00bb{}\u00bb custom_padding__hover=\u00bb|||\u00bb][et_pb_text _builder_version=\u00bb4.27.6&#8243; text_font=\u00bb||||||||\u00bb header_font=\u00bbRubik|700|||||||\u00bb header_font_size=\u00bb64px\u00bb header_line_height=\u00bb1.1em\u00bb background_layout=\u00bbdark\u00bb max_width=\u00bb800px\u00bb custom_margin=\u00bb||0px|\u00bb custom_padding=\u00bb|||16px\u00bb text_font_size_tablet=\u00bb14px\u00bb text_font_size_last_edited=\u00bboff|desktop\u00bb header_font_size_tablet=\u00bb44px\u00bb header_font_size_phone=\u00bb32px\u00bb header_font_size_last_edited=\u00bbon|phone\u00bb border_color_all=\u00bb#ffb400&#8243; border_width_left=\u00bb10px\u00bb global_colors_info=\u00bb{}\u00bb]<\/p>\n<h1>Redes Empresariales<\/h1>\n<p>[\/et_pb_text][et_pb_text _builder_version=\u00bb4.27.6&#8243; text_font=\u00bb||||||||\u00bb text_font_size=\u00bb22px\u00bb text_line_height=\u00bb1.6em\u00bb header_font=\u00bb||||||||\u00bb background_layout=\u00bbdark\u00bb max_width=\u00bb800px\u00bb custom_margin=\u00bb|||\u00bb custom_padding=\u00bb20px||20px||true\u00bb text_font_size_tablet=\u00bb18px\u00bb text_font_size_phone=\u00bb\u00bb text_font_size_last_edited=\u00bbon|phone\u00bb global_colors_info=\u00bb{}\u00bb]<\/p>\n<p>Dise\u00f1amos e implementamos redes estables y seguras para empresas, garantizando conectividad eficiente.<\/p>\n<p>[\/et_pb_text][\/et_pb_column][\/et_pb_row][\/et_pb_section][et_pb_section fb_built=\u00bb1&#8243; _builder_version=\u00bb4.16&#8243; custom_padding=\u00bb0px||||false|false\u00bb global_colors_info=\u00bb{}\u00bb][et_pb_row _builder_version=\u00bb4.16&#8243; background_size=\u00bbinitial\u00bb background_position=\u00bbtop_left\u00bb background_repeat=\u00bbrepeat\u00bb width=\u00bb100%\u00bb custom_padding=\u00bb0px||0px||false|false\u00bb global_colors_info=\u00bb{}\u00bb][et_pb_column type=\u00bb4_4&#8243; _builder_version=\u00bb4.16&#8243; custom_padding=\u00bb|||\u00bb global_colors_info=\u00bb{}\u00bb custom_padding__hover=\u00bb|||\u00bb][et_pb_wc_breadcrumb _builder_version=\u00bb4.16&#8243; global_colors_info=\u00bb{}\u00bb][\/et_pb_wc_breadcrumb][et_pb_wc_cart_notice _builder_version=\u00bb4.16&#8243; global_colors_info=\u00bb{}\u00bb][\/et_pb_wc_cart_notice][\/et_pb_column][\/et_pb_row][et_pb_row column_structure=\u00bb1_2,1_2&#8243; _builder_version=\u00bb4.16&#8243; background_size=\u00bbinitial\u00bb background_position=\u00bbtop_left\u00bb background_repeat=\u00bbrepeat\u00bb width=\u00bb100%\u00bb custom_padding=\u00bb0px||||false|false\u00bb global_colors_info=\u00bb{}\u00bb][et_pb_column type=\u00bb1_2&#8243; _builder_version=\u00bb4.16&#8243; custom_padding=\u00bb|||\u00bb global_colors_info=\u00bb{}\u00bb custom_padding__hover=\u00bb|||\u00bb][et_pb_wc_images _builder_version=\u00bb4.16&#8243; global_colors_info=\u00bb{}\u00bb][\/et_pb_wc_images][\/et_pb_column][et_pb_column type=\u00bb1_2&#8243; _builder_version=\u00bb4.16&#8243; custom_padding=\u00bb|||\u00bb global_colors_info=\u00bb{}\u00bb custom_padding__hover=\u00bb|||\u00bb][et_pb_wc_title _builder_version=\u00bb4.27.6&#8243; transform_scale=\u00bb90%|90%\u00bb global_colors_info=\u00bb{}\u00bb][\/et_pb_wc_title][et_pb_wc_rating _builder_version=\u00bb4.27.6&#8243; transform_scale=\u00bb90%|90%\u00bb global_colors_info=\u00bb{}\u00bb][\/et_pb_wc_rating][et_pb_wc_price _builder_version=\u00bb4.16&#8243; global_colors_info=\u00bb{}\u00bb][\/et_pb_wc_price][et_pb_wc_description _builder_version=\u00bb4.27.6&#8243; transform_scale=\u00bb90%|90%\u00bb global_colors_info=\u00bb{}\u00bb][\/et_pb_wc_description][et_pb_wc_add_to_cart _builder_version=\u00bb4.16&#8243; global_colors_info=\u00bb{}\u00bb][\/et_pb_wc_add_to_cart][et_pb_wc_meta _builder_version=\u00bb4.27.6&#8243; transform_scale=\u00bb90%|90%\u00bb global_colors_info=\u00bb{}\u00bb][\/et_pb_wc_meta][\/et_pb_column][\/et_pb_row][et_pb_row _builder_version=\u00bb4.27.6&#8243; _module_preset=\u00bbdefault\u00bb global_colors_info=\u00bb{}\u00bb][et_pb_column type=\u00bb4_4&#8243; _builder_version=\u00bb4.27.6&#8243; _module_preset=\u00bbdefault\u00bb global_colors_info=\u00bb{}\u00bb][et_pb_heading title=\u00bbBeneficio\u00bb _builder_version=\u00bb4.27.6&#8243; _module_preset=\u00bbdefault\u00bb global_colors_info=\u00bb{}\u00bb][\/et_pb_heading][et_pb_text _builder_version=\u00bb4.27.6&#8243; _module_preset=\u00bbdefault\u00bb global_colors_info=\u00bb{}\u00bb]<\/p>\n<p>\u2714 Mayor velocidad y estabilidad en tu red<\/p>\n<p>[\/et_pb_text][\/et_pb_column][\/et_pb_row][et_pb_row _builder_version=\u00bb4.16&#8243; background_size=\u00bbinitial\u00bb background_position=\u00bbtop_left\u00bb background_repeat=\u00bbrepeat\u00bb width=\u00bb100%\u00bb global_colors_info=\u00bb{}\u00bb][et_pb_column type=\u00bb4_4&#8243; _builder_version=\u00bb4.16&#8243; custom_padding=\u00bb|||\u00bb global_colors_info=\u00bb{}\u00bb custom_padding__hover=\u00bb|||\u00bb][et_pb_wc_tabs _builder_version=\u00bb4.16&#8243; global_colors_info=\u00bb{}\u00bb]\t\t\t\t\t[\/et_pb_wc_tabs][et_pb_wc_upsells _builder_version=\u00bb4.16&#8243; global_colors_info=\u00bb{}\u00bb][\/et_pb_wc_upsells][et_pb_wc_related_products _builder_version=\u00bb4.27.6&#8243; title_text_align=\u00bbcenter\u00bb product_title_text_align=\u00bbcenter\u00bb product_title_font_size=\u00bb16px\u00bb transform_scale=\u00bb90%|90%\u00bb global_colors_info=\u00bb{}\u00bb][\/et_pb_wc_related_products][\/et_pb_column][\/et_pb_row][et_pb_row _builder_version=\u00bb4.27.6&#8243; _module_preset=\u00bbdefault\u00bb][et_pb_column _builder_version=\u00bb4.27.6&#8243; _module_preset=\u00bbdefault\u00bb type=\u00bb4_4&#8243;][et_pb_button button_text=\u00bbServicios\u00bb _builder_version=\u00bb4.27.6&#8243; _module_preset=\u00bbdefault\u00bb button_url=\u00bb@ET-DC@eyJkeW5hbWljIjp0cnVlLCJjb250ZW50IjoicG9zdF9saW5rX3VybF9wYWdlIiwic2V0dGluZ3MiOnsicG9zdF9pZCI6IjIwNzgifX0=@\u00bb _dynamic_attributes=\u00bbbutton_url\u00bb hover_enabled=\u00bb0&#8243; sticky_enabled=\u00bb0&#8243;][\/et_pb_button][\/et_pb_column][\/et_pb_row][\/et_pb_section][et_pb_section fb_built=\u00bb1&#8243; theme_builder_area=\u00bbpost_content\u00bb _builder_version=\u00bb4.27.6&#8243; _module_preset=\u00bbdefault\u00bb hover_enabled=\u00bb0&#8243; sticky_enabled=\u00bb0&#8243; title_text=\u00bbsenal-satelital\u00bb background_size=\u00bbcustom\u00bb background_position=\u00bbcenter_left\u00bb background_image_width=\u00bb14%\u00bb background_enable_pattern_style=\u00bbon\u00bb background_pattern_style=\u00bbtufted\u00bb background_enable_image=\u00bboff\u00bb][et_pb_row _builder_version=\u00bb4.27.6&#8243; _module_preset=\u00bbdefault\u00bb theme_builder_area=\u00bbpost_content\u00bb][et_pb_column _builder_version=\u00bb4.27.6&#8243; _module_preset=\u00bbdefault\u00bb type=\u00bb4_4&#8243; theme_builder_area=\u00bbpost_content\u00bb][et_pb_heading title=\u00bb\u00bfTu empresa tiene internet lento, fallas de red o mala cobertura WiFi?\u00bb _builder_version=\u00bb4.27.6&#8243; _module_preset=\u00bbdefault\u00bb theme_builder_area=\u00bbpost_content\u00bb hover_enabled=\u00bb0&#8243; sticky_enabled=\u00bb0&#8243;][\/et_pb_heading][et_pb_text _builder_version=\u00bb4.27.6&#8243; _module_preset=\u00bbdefault\u00bb theme_builder_area=\u00bbpost_content\u00bb hover_enabled=\u00bb0&#8243; sticky_enabled=\u00bb0&#8243;]<\/p>\n<p>Dise\u00f1amos e implementamos redes empresariales en Cajamarca con cableado estructurado, configuraci\u00f3n profesional y optimizaci\u00f3n de conectividad para garantizar estabilidad y rendimiento.<\/p>\n<p>[\/et_pb_text][\/et_pb_column][\/et_pb_row][et_pb_row _builder_version=\u00bb4.27.6&#8243; _module_preset=\u00bbdefault\u00bb theme_builder_area=\u00bbpost_content\u00bb][et_pb_column _builder_version=\u00bb4.27.6&#8243; _module_preset=\u00bbdefault\u00bb type=\u00bb4_4&#8243; theme_builder_area=\u00bbpost_content\u00bb][et_pb_button button_text=\u00bbContactanos!\u00bb _builder_version=\u00bb4.27.6&#8243; _module_preset=\u00bbdefault\u00bb theme_builder_area=\u00bbpost_content\u00bb button_url=\u00bb@ET-DC@eyJkeW5hbWljIjp0cnVlLCJjb250ZW50IjoicG9zdF9saW5rX3VybF9wYWdlIiwic2V0dGluZ3MiOnsicG9zdF9pZCI6IjI3MDkifX0=@\u00bb _dynamic_attributes=\u00bbbutton_url\u00bb hover_enabled=\u00bb0&#8243; sticky_enabled=\u00bb0&#8243;][\/et_pb_button][\/et_pb_column][\/et_pb_row][\/et_pb_section]<\/p>\n","protected":false},"excerpt":{"rendered":"<p data-start=\"989\" data-end=\"1262\">Dise\u00f1amos e implementamos infraestructuras de red robustas, seguras y escalables para empresas de todos los tama\u00f1os. Nuestro enfoque est\u00e1 en garantizar una conectividad estable que permita el correcto funcionamiento de sistemas, aplicaciones y comunicaciones empresariales.<\/p>\n<p data-start=\"1264\" data-end=\"1531\">Realizamos instalaciones de cableado estructurado siguiendo normas t\u00e9cnicas, organizando la infraestructura mediante racks, patch panels y etiquetado profesional. Configuramos equipos de red como routers, switches y puntos de acceso para lograr un rendimiento \u00f3ptimo.<\/p>\n<p data-start=\"1533\" data-end=\"1643\">Tambi\u00e9n optimizamos redes existentes, identificando fallas y mejorando la velocidad y estabilidad del sistema.<\/p>\n","protected":false},"featured_media":3421,"comment_status":"open","ping_status":"closed","template":"","meta":{"_et_pb_use_builder":"on","_et_pb_old_content":"<strong>Soluciones:<\/strong>\r\n<ul data-start=\"1341\" data-end=\"1484\">\r\n \t<li data-section-id=\"o588pg\" data-start=\"1341\" data-end=\"1366\">Cableado estructurado<\/li>\r\n \t<li data-section-id=\"hvarzu\" data-start=\"1367\" data-end=\"1391\">Instalaci\u00f3n de racks<\/li>\r\n \t<li data-section-id=\"1qxfyon\" data-start=\"1392\" data-end=\"1431\">Configuraci\u00f3n de routers y switches<\/li>\r\n \t<li data-section-id=\"p5lykh\" data-start=\"1432\" data-end=\"1460\">Redes WiFi empresariales<\/li>\r\n \t<li data-section-id=\"hmnn4g\" data-start=\"1461\" data-end=\"1484\">Optimizaci\u00f3n de red<\/li>\r\n<\/ul>","_et_gb_content_width":"","_uag_custom_page_level_css":""},"product_brand":[],"product_cat":[15],"product_tag":[],"class_list":{"0":"post-3573","1":"product","2":"type-product","3":"status-publish","4":"has-post-thumbnail","6":"product_cat-sin-categorizar","8":"first","9":"instock","10":"taxable","11":"shipping-taxable","12":"product-type-simple"},"uagb_featured_image_src":{"full":["https:\/\/infradataperu.com\/wp-content\/uploads\/2026\/03\/ChatGPT-Image-8-mar-2026-11_23_30-p.m.png",1024,1024,false],"thumbnail":["https:\/\/infradataperu.com\/wp-content\/uploads\/2026\/03\/ChatGPT-Image-8-mar-2026-11_23_30-p.m-150x150.png",150,150,true],"medium":["https:\/\/infradataperu.com\/wp-content\/uploads\/2026\/03\/ChatGPT-Image-8-mar-2026-11_23_30-p.m-300x300.png",300,300,true],"medium_large":["https:\/\/infradataperu.com\/wp-content\/uploads\/2026\/03\/ChatGPT-Image-8-mar-2026-11_23_30-p.m-768x768.png",768,768,true],"large":["https:\/\/infradataperu.com\/wp-content\/uploads\/2026\/03\/ChatGPT-Image-8-mar-2026-11_23_30-p.m.png",1024,1024,false],"1536x1536":["https:\/\/infradataperu.com\/wp-content\/uploads\/2026\/03\/ChatGPT-Image-8-mar-2026-11_23_30-p.m.png",1024,1024,false],"2048x2048":["https:\/\/infradataperu.com\/wp-content\/uploads\/2026\/03\/ChatGPT-Image-8-mar-2026-11_23_30-p.m.png",1024,1024,false],"et-pb-post-main-image":["https:\/\/infradataperu.com\/wp-content\/uploads\/2026\/03\/ChatGPT-Image-8-mar-2026-11_23_30-p.m-400x250.png",400,250,true],"et-pb-post-main-image-fullwidth":["https:\/\/infradataperu.com\/wp-content\/uploads\/2026\/03\/ChatGPT-Image-8-mar-2026-11_23_30-p.m-1024x675.png",1024,675,true],"et-pb-portfolio-image":["https:\/\/infradataperu.com\/wp-content\/uploads\/2026\/03\/ChatGPT-Image-8-mar-2026-11_23_30-p.m-400x284.png",400,284,true],"et-pb-portfolio-module-image":["https:\/\/infradataperu.com\/wp-content\/uploads\/2026\/03\/ChatGPT-Image-8-mar-2026-11_23_30-p.m-510x382.png",510,382,true],"et-pb-portfolio-image-single":["https:\/\/infradataperu.com\/wp-content\/uploads\/2026\/03\/ChatGPT-Image-8-mar-2026-11_23_30-p.m.png",1024,1024,false],"et-pb-gallery-module-image-portrait":["https:\/\/infradataperu.com\/wp-content\/uploads\/2026\/03\/ChatGPT-Image-8-mar-2026-11_23_30-p.m-400x516.png",400,516,true],"et-pb-post-main-image-fullwidth-large":["https:\/\/infradataperu.com\/wp-content\/uploads\/2026\/03\/ChatGPT-Image-8-mar-2026-11_23_30-p.m.png",1024,1024,false],"et-pb-image--responsive--desktop":["https:\/\/infradataperu.com\/wp-content\/uploads\/2026\/03\/ChatGPT-Image-8-mar-2026-11_23_30-p.m.png",720,720,false],"et-pb-image--responsive--tablet":["https:\/\/infradataperu.com\/wp-content\/uploads\/2026\/03\/ChatGPT-Image-8-mar-2026-11_23_30-p.m-980x980.png",551,551,true],"et-pb-image--responsive--phone":["https:\/\/infradataperu.com\/wp-content\/uploads\/2026\/03\/ChatGPT-Image-8-mar-2026-11_23_30-p.m-480x480.png",270,270,true],"woocommerce_thumbnail":["https:\/\/infradataperu.com\/wp-content\/uploads\/2026\/03\/ChatGPT-Image-8-mar-2026-11_23_30-p.m-300x300.png",300,300,true],"woocommerce_single":["https:\/\/infradataperu.com\/wp-content\/uploads\/2026\/03\/ChatGPT-Image-8-mar-2026-11_23_30-p.m-600x600.png",600,600,true],"woocommerce_gallery_thumbnail":["https:\/\/infradataperu.com\/wp-content\/uploads\/2026\/03\/ChatGPT-Image-8-mar-2026-11_23_30-p.m-100x100.png",100,100,true]},"uagb_author_info":{"display_name":"rosmel.edwam","author_link":"https:\/\/infradataperu.com\/index.php\/author\/"},"uagb_comment_info":0,"uagb_excerpt":"Dise\u00f1amos e implementamos infraestructuras de red robustas, seguras y escalables para empresas de todos los tama\u00f1os. Nuestro enfoque est\u00e1 en garantizar una conectividad estable que permita el correcto funcionamiento de sistemas, aplicaciones y comunicaciones empresariales. Realizamos instalaciones de cableado estructurado siguiendo normas t\u00e9cnicas, organizando la infraestructura mediante racks, patch panels y etiquetado profesional. Configuramos equipos&hellip;","_links":{"self":[{"href":"https:\/\/infradataperu.com\/index.php\/wp-json\/wp\/v2\/product\/3573","targetHints":{"allow":["GET"]}}],"collection":[{"href":"https:\/\/infradataperu.com\/index.php\/wp-json\/wp\/v2\/product"}],"about":[{"href":"https:\/\/infradataperu.com\/index.php\/wp-json\/wp\/v2\/types\/product"}],"replies":[{"embeddable":true,"href":"https:\/\/infradataperu.com\/index.php\/wp-json\/wp\/v2\/comments?post=3573"}],"wp:featuredmedia":[{"embeddable":true,"href":"https:\/\/infradataperu.com\/index.php\/wp-json\/wp\/v2\/media\/3421"}],"wp:attachment":[{"href":"https:\/\/infradataperu.com\/index.php\/wp-json\/wp\/v2\/media?parent=3573"}],"wp:term":[{"taxonomy":"product_brand","embeddable":true,"href":"https:\/\/infradataperu.com\/index.php\/wp-json\/wp\/v2\/product_brand?post=3573"},{"taxonomy":"product_cat","embeddable":true,"href":"https:\/\/infradataperu.com\/index.php\/wp-json\/wp\/v2\/product_cat?post=3573"},{"taxonomy":"product_tag","embeddable":true,"href":"https:\/\/infradataperu.com\/index.php\/wp-json\/wp\/v2\/product_tag?post=3573"}],"curies":[{"name":"wp","href":"https:\/\/api.w.org\/{rel}","templated":true}]}}