{"id":3564,"date":"2026-03-21T09:23:13","date_gmt":"2026-03-21T14:53:13","guid":{"rendered":"https:\/\/infradataperu.com\/?post_type=product&#038;p=3564"},"modified":"2026-03-21T17:34:25","modified_gmt":"2026-03-21T23:04:25","slug":"seguridad-electronica-y-videovigilancia","status":"publish","type":"product","link":"https:\/\/infradataperu.com\/index.php\/producto\/seguridad-electronica-y-videovigilancia\/","title":{"rendered":"Seguridad Electr\u00f3nica y Videovigilancia"},"content":{"rendered":"<p>[et_pb_section fb_built=\u00bb1&#8243; admin_label=\u00bbHero\u00bb _builder_version=\u00bb4.27.6&#8243; use_background_color_gradient=\u00bbon\u00bb background_color_gradient_type=\u00bbcircular\u00bb background_color_gradient_direction_radial=\u00bbtop left\u00bb background_color_gradient_stops=\u00bbrgba(40,40,40,0.79) 0%|rgba(40,40,40,0.86) 100%\u00bb background_color_gradient_overlays_image=\u00bbon\u00bb background_color_gradient_start=\u00bbrgba(40,40,40,0.79)\u00bb background_color_gradient_end=\u00bbrgba(40,40,40,0.86)\u00bb background_image=\u00bbhttps:\/\/infradataperu.com\/wp-content\/uploads\/2026\/03\/IP-Video-Intercom-banner.webp\u00bb custom_margin=\u00bb||||false\u00bb custom_padding=\u00bb10vw||10vw||true|false\u00bb global_colors_info=\u00bb{}\u00bb][et_pb_row _builder_version=\u00bb4.27.6&#8243; global_colors_info=\u00bb{}\u00bb][et_pb_column type=\u00bb4_4&#8243; _builder_version=\u00bb4.16&#8243; custom_padding=\u00bb|||\u00bb global_colors_info=\u00bb{}\u00bb custom_padding__hover=\u00bb|||\u00bb][et_pb_text _builder_version=\u00bb4.16&#8243; text_font=\u00bb||||||||\u00bb header_font=\u00bbRubik|700|||||||\u00bb header_font_size=\u00bb64px\u00bb header_line_height=\u00bb1.1em\u00bb background_layout=\u00bbdark\u00bb max_width=\u00bb800px\u00bb custom_margin=\u00bb||0px|\u00bb custom_padding=\u00bb|||16px\u00bb text_font_size_tablet=\u00bb14px\u00bb text_font_size_last_edited=\u00bboff|desktop\u00bb header_font_size_tablet=\u00bb44px\u00bb header_font_size_phone=\u00bb32px\u00bb header_font_size_last_edited=\u00bbon|phone\u00bb border_color_all=\u00bb#ffb400&#8243; border_width_left=\u00bb10px\u00bb global_colors_info=\u00bb{}\u00bb]<\/p>\n<h1>Seguridad Electr\u00f3nica<\/h1>\n<p>[\/et_pb_text][et_pb_text _builder_version=\u00bb4.27.6&#8243; text_font=\u00bb||||||||\u00bb text_font_size=\u00bb22px\u00bb text_line_height=\u00bb1.6em\u00bb header_font=\u00bb||||||||\u00bb background_layout=\u00bbdark\u00bb max_width=\u00bb800px\u00bb custom_margin=\u00bb|||\u00bb custom_padding=\u00bb20px||20px||true\u00bb text_font_size_tablet=\u00bb18px\u00bb text_font_size_phone=\u00bb\u00bb text_font_size_last_edited=\u00bbon|phone\u00bb global_colors_info=\u00bb{}\u00bb]<\/p>\n<p>Implementamos sistemas de seguridad electr\u00f3nica para proteger empresas, negocios e instituciones, permitiendo monitoreo en tiempo real desde cualquier lugar.<\/p>\n<p>[\/et_pb_text][\/et_pb_column][\/et_pb_row][\/et_pb_section][et_pb_section fb_built=\u00bb1&#8243; _builder_version=\u00bb4.16&#8243; custom_padding=\u00bb0px||||false|false\u00bb global_colors_info=\u00bb{}\u00bb][et_pb_row _builder_version=\u00bb4.16&#8243; background_size=\u00bbinitial\u00bb background_position=\u00bbtop_left\u00bb background_repeat=\u00bbrepeat\u00bb width=\u00bb100%\u00bb custom_padding=\u00bb0px||0px||false|false\u00bb global_colors_info=\u00bb{}\u00bb][et_pb_column type=\u00bb4_4&#8243; _builder_version=\u00bb4.16&#8243; custom_padding=\u00bb|||\u00bb global_colors_info=\u00bb{}\u00bb custom_padding__hover=\u00bb|||\u00bb][et_pb_wc_breadcrumb _builder_version=\u00bb4.27.6&#8243; max_width=\u00bb80%\u00bb module_alignment=\u00bbcenter\u00bb global_colors_info=\u00bb{}\u00bb][\/et_pb_wc_breadcrumb][et_pb_wc_cart_notice _builder_version=\u00bb4.16&#8243; global_colors_info=\u00bb{}\u00bb][\/et_pb_wc_cart_notice][\/et_pb_column][\/et_pb_row][et_pb_row column_structure=\u00bb1_2,1_2&#8243; _builder_version=\u00bb4.16&#8243; background_size=\u00bbinitial\u00bb background_position=\u00bbtop_left\u00bb background_repeat=\u00bbrepeat\u00bb width=\u00bb100%\u00bb custom_padding=\u00bb0px||||false|false\u00bb global_colors_info=\u00bb{}\u00bb][et_pb_column type=\u00bb1_2&#8243; _builder_version=\u00bb4.16&#8243; custom_padding=\u00bb|||\u00bb global_colors_info=\u00bb{}\u00bb custom_padding__hover=\u00bb|||\u00bb][et_pb_wc_images _builder_version=\u00bb4.16&#8243; global_colors_info=\u00bb{}\u00bb][\/et_pb_wc_images][\/et_pb_column][et_pb_column type=\u00bb1_2&#8243; _builder_version=\u00bb4.16&#8243; custom_padding=\u00bb|||\u00bb global_colors_info=\u00bb{}\u00bb custom_padding__hover=\u00bb|||\u00bb][et_pb_wc_title _builder_version=\u00bb4.27.6&#8243; max_width=\u00bb80%\u00bb module_alignment=\u00bbcenter\u00bb global_colors_info=\u00bb{}\u00bb][\/et_pb_wc_title][et_pb_wc_rating _builder_version=\u00bb4.27.6&#8243; max_width=\u00bb80%\u00bb module_alignment=\u00bbcenter\u00bb global_colors_info=\u00bb{}\u00bb][\/et_pb_wc_rating][et_pb_wc_price _builder_version=\u00bb4.16&#8243; global_colors_info=\u00bb{}\u00bb][\/et_pb_wc_price][et_pb_wc_description _builder_version=\u00bb4.27.6&#8243; text_orientation=\u00bbjustified\u00bb max_width=\u00bb80%\u00bb module_alignment=\u00bbcenter\u00bb global_colors_info=\u00bb{}\u00bb][\/et_pb_wc_description][et_pb_wc_add_to_cart _builder_version=\u00bb4.16&#8243; global_colors_info=\u00bb{}\u00bb][\/et_pb_wc_add_to_cart][et_pb_wc_meta _builder_version=\u00bb4.27.6&#8243; max_width=\u00bb80%\u00bb module_alignment=\u00bbcenter\u00bb global_colors_info=\u00bb{}\u00bb][\/et_pb_wc_meta][\/et_pb_column][\/et_pb_row][et_pb_row _builder_version=\u00bb4.27.6&#8243; _module_preset=\u00bbdefault\u00bb global_colors_info=\u00bb{}\u00bb][et_pb_column type=\u00bb4_4&#8243; _builder_version=\u00bb4.27.6&#8243; _module_preset=\u00bbdefault\u00bb global_colors_info=\u00bb{}\u00bb][et_pb_heading title=\u00bbBeneficios\u00bb _builder_version=\u00bb4.27.6&#8243; _module_preset=\u00bbdefault\u00bb global_colors_info=\u00bb{}\u00bb][\/et_pb_heading][et_pb_text _builder_version=\u00bb4.27.6&#8243; _module_preset=\u00bbdefault\u00bb global_colors_info=\u00bb{}\u00bb]<\/p>\n<p>\u2714 Mayor control y seguridad para tu negocio<\/p>\n<p>[\/et_pb_text][\/et_pb_column][\/et_pb_row][et_pb_row _builder_version=\u00bb4.16&#8243; background_size=\u00bbinitial\u00bb background_position=\u00bbtop_left\u00bb background_repeat=\u00bbrepeat\u00bb width=\u00bb100%\u00bb global_colors_info=\u00bb{}\u00bb][et_pb_column type=\u00bb4_4&#8243; _builder_version=\u00bb4.16&#8243; custom_padding=\u00bb|||\u00bb global_colors_info=\u00bb{}\u00bb custom_padding__hover=\u00bb|||\u00bb][et_pb_wc_tabs _builder_version=\u00bb4.16&#8243; global_colors_info=\u00bb{}\u00bb]\t\t\t\t\t[\/et_pb_wc_tabs][et_pb_wc_upsells _builder_version=\u00bb4.16&#8243; global_colors_info=\u00bb{}\u00bb][\/et_pb_wc_upsells][et_pb_wc_related_products _builder_version=\u00bb4.16&#8243; global_colors_info=\u00bb{}\u00bb][\/et_pb_wc_related_products][\/et_pb_column][\/et_pb_row][et_pb_row _builder_version=\u00bb4.27.6&#8243; _module_preset=\u00bbdefault\u00bb global_colors_info=\u00bb{}\u00bb][et_pb_column type=\u00bb4_4&#8243; _builder_version=\u00bb4.27.6&#8243; _module_preset=\u00bbdefault\u00bb global_colors_info=\u00bb{}\u00bb][et_pb_divider _builder_version=\u00bb4.27.6&#8243; _module_preset=\u00bbdefault\u00bb global_colors_info=\u00bb{}\u00bb][\/et_pb_divider][\/et_pb_column][\/et_pb_row][et_pb_row _builder_version=\u00bb4.27.6&#8243; _module_preset=\u00bbdefault\u00bb global_colors_info=\u00bb{}\u00bb][et_pb_column type=\u00bb4_4&#8243; _builder_version=\u00bb4.27.6&#8243; _module_preset=\u00bbdefault\u00bb global_colors_info=\u00bb{}\u00bb][et_pb_button button_url=\u00bb@ET-DC@eyJkeW5hbWljIjp0cnVlLCJjb250ZW50IjoicG9zdF9saW5rX3VybF9wYWdlIiwic2V0dGluZ3MiOnsicG9zdF9pZCI6IjIwNzgifX0=@\u00bb button_text=\u00bbVer servicios\u00bb _builder_version=\u00bb4.27.6&#8243; _dynamic_attributes=\u00bbbutton_url\u00bb _module_preset=\u00bbdefault\u00bb custom_button=\u00bbon\u00bb button_text_color=\u00bb#FFFFFF\u00bb button_bg_color=\u00bb#0C71C3&#8243; global_colors_info=\u00bb{}\u00bb][\/et_pb_button][\/et_pb_column][\/et_pb_row][\/et_pb_section][et_pb_section fb_built=\u00bb1&#8243; _builder_version=\u00bb4.27.6&#8243; _module_preset=\u00bbdefault\u00bb background_enable_image=\u00bboff\u00bb background_size=\u00bbcustom\u00bb background_image_width=\u00bb14%\u00bb background_position=\u00bbcenter_left\u00bb background_enable_pattern_style=\u00bbon\u00bb background_pattern_style=\u00bbtufted\u00bb global_colors_info=\u00bb{}\u00bb locked=\u00bboff\u00bb][et_pb_row _builder_version=\u00bb4.27.6&#8243; _module_preset=\u00bbdefault\u00bb global_colors_info=\u00bb{}\u00bb][et_pb_column type=\u00bb4_4&#8243; _builder_version=\u00bb4.27.6&#8243; _module_preset=\u00bbdefault\u00bb global_colors_info=\u00bb{}\u00bb][et_pb_heading title=\u00bb\u00bfTu empresa no cuenta con un sistema de seguridad confiable o tienes puntos ciegos sin vigilancia?\u00bb _builder_version=\u00bb4.27.6&#8243; _module_preset=\u00bbdefault\u00bb hover_enabled=\u00bb0&#8243; global_colors_info=\u00bb{}\u00bb sticky_enabled=\u00bb0&#8243;][\/et_pb_heading][et_pb_text _builder_version=\u00bb4.27.6&#8243; _module_preset=\u00bbdefault\u00bb global_colors_info=\u00bb{}\u00bb]<\/p>\n<p>En INFRADATA SRL implementamos sistemas de c\u00e1maras de seguridad en Cajamarca, incluyendo CCTV e IP, que permiten monitoreo en tiempo real desde tu celular y control total de tus instalaciones.<\/p>\n<p>[\/et_pb_text][\/et_pb_column][\/et_pb_row][et_pb_row _builder_version=\u00bb4.27.6&#8243; _module_preset=\u00bbdefault\u00bb global_colors_info=\u00bb{}\u00bb][et_pb_column type=\u00bb4_4&#8243; _builder_version=\u00bb4.27.6&#8243; _module_preset=\u00bbdefault\u00bb global_colors_info=\u00bb{}\u00bb][et_pb_button button_url=\u00bb@ET-DC@eyJkeW5hbWljIjp0cnVlLCJjb250ZW50IjoicG9zdF9saW5rX3VybF9wYWdlIiwic2V0dGluZ3MiOnsicG9zdF9pZCI6IjI3MDkifX0=@\u00bb button_text=\u00bbContactanos!\u00bb _builder_version=\u00bb4.27.6&#8243; _dynamic_attributes=\u00bbbutton_url\u00bb _module_preset=\u00bbdefault\u00bb global_colors_info=\u00bb{}\u00bb][\/et_pb_button][\/et_pb_column][\/et_pb_row][\/et_pb_section]<\/p>\n","protected":false},"excerpt":{"rendered":"<p data-start=\"282\" data-end=\"575\">Ofrecemos soluciones integrales de seguridad electr\u00f3nica orientadas a la protecci\u00f3n de empresas, instituciones y negocios. Dise\u00f1amos e implementamos sistemas de videovigilancia adaptados a cada necesidad, permitiendo el monitoreo en tiempo real desde dispositivos m\u00f3viles o centros de control.<\/p>\n<p data-start=\"577\" data-end=\"792\">Nuestros sistemas incluyen tecnolog\u00eda CCTV y c\u00e1maras IP de alta resoluci\u00f3n, garantizando cobertura completa de \u00e1reas cr\u00edticas. Adem\u00e1s, integramos soluciones de control de acceso y alarmas para reforzar la seguridad.<\/p>\n<p data-start=\"794\" data-end=\"932\">Trabajamos con est\u00e1ndares profesionales para asegurar instalaciones confiables, con equipos de alta calidad y configuraciones optimizadas.<\/p>\n","protected":false},"featured_media":3429,"comment_status":"open","ping_status":"closed","template":"","meta":{"_et_pb_use_builder":"on","_et_pb_old_content":"<strong>Soluciones:<\/strong>\r\n<ul>\r\n \t<li data-section-id=\"10yy5b2\" data-start=\"890\" data-end=\"921\">Instalaci\u00f3n de c\u00e1maras CCTV<\/li>\r\n \t<li data-section-id=\"1xf3n6n\" data-start=\"922\" data-end=\"956\">Sistemas de videovigilancia IP<\/li>\r\n \t<li data-section-id=\"1my3kfn\" data-start=\"957\" data-end=\"991\">Monitoreo remoto desde celular<\/li>\r\n \t<li data-section-id=\"1mpd6t2\" data-start=\"992\" data-end=\"1013\">Control de acceso<\/li>\r\n \t<li data-section-id=\"1nmbwba\" data-start=\"1014\" data-end=\"1038\">Alarmas de seguridad<\/li>\r\n<\/ul>","_et_gb_content_width":"","_uag_custom_page_level_css":""},"product_brand":[],"product_cat":[31],"product_tag":[],"class_list":{"0":"post-3564","1":"product","2":"type-product","3":"status-publish","4":"has-post-thumbnail","6":"product_cat-servicios","8":"first","9":"instock","10":"taxable","11":"shipping-taxable","12":"product-type-simple"},"uagb_featured_image_src":{"full":["https:\/\/infradataperu.com\/wp-content\/uploads\/2026\/03\/Sistemas-de-seguridad-electronica.png",1536,1024,false],"thumbnail":["https:\/\/infradataperu.com\/wp-content\/uploads\/2026\/03\/Sistemas-de-seguridad-electronica-150x150.png",150,150,true],"medium":["https:\/\/infradataperu.com\/wp-content\/uploads\/2026\/03\/Sistemas-de-seguridad-electronica-300x200.png",300,200,true],"medium_large":["https:\/\/infradataperu.com\/wp-content\/uploads\/2026\/03\/Sistemas-de-seguridad-electronica-768x512.png",768,512,true],"large":["https:\/\/infradataperu.com\/wp-content\/uploads\/2026\/03\/Sistemas-de-seguridad-electronica-1024x683.png",1024,683,true],"1536x1536":["https:\/\/infradataperu.com\/wp-content\/uploads\/2026\/03\/Sistemas-de-seguridad-electronica.png",1536,1024,false],"2048x2048":["https:\/\/infradataperu.com\/wp-content\/uploads\/2026\/03\/Sistemas-de-seguridad-electronica.png",1536,1024,false],"et-pb-post-main-image":["https:\/\/infradataperu.com\/wp-content\/uploads\/2026\/03\/Sistemas-de-seguridad-electronica-400x250.png",400,250,true],"et-pb-post-main-image-fullwidth":["https:\/\/infradataperu.com\/wp-content\/uploads\/2026\/03\/Sistemas-de-seguridad-electronica-1080x675.png",1080,675,true],"et-pb-portfolio-image":["https:\/\/infradataperu.com\/wp-content\/uploads\/2026\/03\/Sistemas-de-seguridad-electronica-400x284.png",400,284,true],"et-pb-portfolio-module-image":["https:\/\/infradataperu.com\/wp-content\/uploads\/2026\/03\/Sistemas-de-seguridad-electronica-510x382.png",510,382,true],"et-pb-portfolio-image-single":["https:\/\/infradataperu.com\/wp-content\/uploads\/2026\/03\/Sistemas-de-seguridad-electronica-1080x720.png",1080,720,true],"et-pb-gallery-module-image-portrait":["https:\/\/infradataperu.com\/wp-content\/uploads\/2026\/03\/Sistemas-de-seguridad-electronica-400x516.png",400,516,true],"et-pb-post-main-image-fullwidth-large":["https:\/\/infradataperu.com\/wp-content\/uploads\/2026\/03\/Sistemas-de-seguridad-electronica.png",1536,1024,false],"et-pb-image--responsive--desktop":["https:\/\/infradataperu.com\/wp-content\/uploads\/2026\/03\/Sistemas-de-seguridad-electronica-1280x853.png",1080,720,true],"et-pb-image--responsive--tablet":["https:\/\/infradataperu.com\/wp-content\/uploads\/2026\/03\/Sistemas-de-seguridad-electronica-980x653.png",827,551,true],"et-pb-image--responsive--phone":["https:\/\/infradataperu.com\/wp-content\/uploads\/2026\/03\/Sistemas-de-seguridad-electronica-480x320.png",405,270,true],"woocommerce_thumbnail":["https:\/\/infradataperu.com\/wp-content\/uploads\/2026\/03\/Sistemas-de-seguridad-electronica-300x300.png",300,300,true],"woocommerce_single":["https:\/\/infradataperu.com\/wp-content\/uploads\/2026\/03\/Sistemas-de-seguridad-electronica-600x400.png",600,400,true],"woocommerce_gallery_thumbnail":["https:\/\/infradataperu.com\/wp-content\/uploads\/2026\/03\/Sistemas-de-seguridad-electronica-100x100.png",100,100,true]},"uagb_author_info":{"display_name":"rosmel.edwam","author_link":"https:\/\/infradataperu.com\/index.php\/author\/"},"uagb_comment_info":0,"uagb_excerpt":"Ofrecemos soluciones integrales de seguridad electr\u00f3nica orientadas a la protecci\u00f3n de empresas, instituciones y negocios. Dise\u00f1amos e implementamos sistemas de videovigilancia adaptados a cada necesidad, permitiendo el monitoreo en tiempo real desde dispositivos m\u00f3viles o centros de control. Nuestros sistemas incluyen tecnolog\u00eda CCTV y c\u00e1maras IP de alta resoluci\u00f3n, garantizando cobertura completa de \u00e1reas cr\u00edticas.&hellip;","_links":{"self":[{"href":"https:\/\/infradataperu.com\/index.php\/wp-json\/wp\/v2\/product\/3564","targetHints":{"allow":["GET"]}}],"collection":[{"href":"https:\/\/infradataperu.com\/index.php\/wp-json\/wp\/v2\/product"}],"about":[{"href":"https:\/\/infradataperu.com\/index.php\/wp-json\/wp\/v2\/types\/product"}],"replies":[{"embeddable":true,"href":"https:\/\/infradataperu.com\/index.php\/wp-json\/wp\/v2\/comments?post=3564"}],"wp:featuredmedia":[{"embeddable":true,"href":"https:\/\/infradataperu.com\/index.php\/wp-json\/wp\/v2\/media\/3429"}],"wp:attachment":[{"href":"https:\/\/infradataperu.com\/index.php\/wp-json\/wp\/v2\/media?parent=3564"}],"wp:term":[{"taxonomy":"product_brand","embeddable":true,"href":"https:\/\/infradataperu.com\/index.php\/wp-json\/wp\/v2\/product_brand?post=3564"},{"taxonomy":"product_cat","embeddable":true,"href":"https:\/\/infradataperu.com\/index.php\/wp-json\/wp\/v2\/product_cat?post=3564"},{"taxonomy":"product_tag","embeddable":true,"href":"https:\/\/infradataperu.com\/index.php\/wp-json\/wp\/v2\/product_tag?post=3564"}],"curies":[{"name":"wp","href":"https:\/\/api.w.org\/{rel}","templated":true}]}}