{"id":1571,"date":"2023-12-13T00:47:59","date_gmt":"2023-12-13T00:47:59","guid":{"rendered":"https:\/\/infradataperu.com\/?post_type=product&#038;p=1571"},"modified":"2023-12-13T00:59:53","modified_gmt":"2023-12-13T00:59:53","slug":"kit-camaras-de-seguridad-ip-hikvision-kit-8-camaras-ip-4mp-tubo-y-domo-hkipd-082","status":"publish","type":"product","link":"https:\/\/infradataperu.com\/index.php\/producto\/kit-camaras-de-seguridad-ip-hikvision-kit-8-camaras-ip-4mp-tubo-y-domo-hkipd-082\/","title":{"rendered":"KIT C\u00e1maras de seguridad IP Hikvision \u2013 KIT 8 c\u00e1maras IP 4Mp \u2013 Tubo y Domo \u2013 HKIPD-082"},"content":{"rendered":"<h2 class=\"yikes-custom-woo-tab-title yikes-custom-woo-tab-title-descripcion\">Descripci\u00f3n<\/h2>\n<p>&nbsp;<\/p>\n<h5>Hikvision KIT HD con 8 c\u00e1maras IP 4MP PoE (tipo domo y tubo) con infrarrojo para vista en oscuridad, disco duro de 3Tb (3000GB) para grabaci\u00f3n, NVR 8 canales (soporta hasta 8 c\u00e1maras), y accesorios para la instalaci\u00f3n. Puede visualizar las c\u00e1maras en tiempo real, ver las grabaciones, y descargar f\u00e1cilmente los videos para tener copias de seguridad.\u00a0No incluye router, puede usar el router que Usted ya tiene para internet.<\/h5>\n<p>&nbsp;<\/p>\n<h5><img loading=\"lazy\" decoding=\"async\" class=\"alignnone wp-image-2260\" src=\"https:\/\/alfasegur.com\/wp-content\/uploads\/2017\/09\/20-11-2017-2-35-18-p.-m..png\" alt=\"\" width=\"238\" height=\"37\" \/><br \/>\nPor red, internet o tel\u00e9fono m\u00f3vil.<\/h5>\n<h5><img loading=\"lazy\" decoding=\"async\" class=\"alignnone wp-image-2263\" src=\"https:\/\/alfasegur.com\/wp-content\/uploads\/2017\/09\/20-11-2017-2-36-49-p.-m..png\" alt=\"\" width=\"238\" height=\"37\" \/><br \/>\nLas horas de grabaci\u00f3n depender\u00e1n del nivel de calidad y n\u00famero de cuadros que quiera mantener en la grabaci\u00f3n.<\/h5>\n<h5><img loading=\"lazy\" decoding=\"async\" class=\"alignnone wp-image-2264\" src=\"https:\/\/alfasegur.com\/wp-content\/uploads\/2017\/09\/20-11-2017-2-37-04-p.-m..png\" alt=\"\" width=\"238\" height=\"37\" \/><br \/>\n1 a\u00f1o calendario.<\/h5>\n<h5><img loading=\"lazy\" decoding=\"async\" class=\"alignnone wp-image-2265\" src=\"https:\/\/alfasegur.com\/wp-content\/uploads\/2017\/09\/20-11-2017-2-37-33-p.-m..png\" alt=\"\" width=\"238\" height=\"37\" \/><br \/>\nC\u00e1mara y DVR\/NVR Hikvision, disco duro Western Digital, cable UTP y switch TP-LINK 5 puertos.<\/h5>\n<h5><img loading=\"lazy\" decoding=\"async\" class=\"alignnone wp-image-2267\" src=\"https:\/\/alfasegur.com\/wp-content\/uploads\/2017\/09\/20-11-2017-2-38-21-p.-m.-300x48.png\" sizes=\"(max-width: 238px) 100vw, 238px\" srcset=\"https:\/\/alfasegur.com\/wp-content\/uploads\/2017\/09\/20-11-2017-2-38-21-p.-m.-300x48.png 300w, https:\/\/alfasegur.com\/wp-content\/uploads\/2017\/09\/20-11-2017-2-38-21-p.-m..png 336w\" alt=\"\" width=\"238\" height=\"38\" \/><br \/>\nC\u00e1maras de carcasas de pl\u00e1stico y DVR\/NVR carcasas de metal.<\/h5>\n<h5><img loading=\"lazy\" decoding=\"async\" class=\"alignnone wp-image-2268\" src=\"https:\/\/alfasegur.com\/wp-content\/uploads\/2017\/09\/20-11-2017-2-39-23-p.-m.-300x48.png\" sizes=\"(max-width: 238px) 100vw, 238px\" srcset=\"https:\/\/alfasegur.com\/wp-content\/uploads\/2017\/09\/20-11-2017-2-39-23-p.-m.-300x48.png 300w, https:\/\/alfasegur.com\/wp-content\/uploads\/2017\/09\/20-11-2017-2-39-23-p.-m..png 336w\" alt=\"\" width=\"238\" height=\"38\" \/><br \/>\nEstas c\u00e1maras tienen visi\u00f3n infrarrojo para visi\u00f3n nocturna con alcance de hasta 30 metros.<\/h5>\n<h5><img loading=\"lazy\" decoding=\"async\" class=\"alignnone wp-image-2270\" src=\"https:\/\/alfasegur.com\/wp-content\/uploads\/2017\/09\/20-11-2017-2-38-45-p.-m.-300x48.png\" sizes=\"(max-width: 238px) 100vw, 238px\" srcset=\"https:\/\/alfasegur.com\/wp-content\/uploads\/2017\/09\/20-11-2017-2-38-45-p.-m.-300x48.png 300w, https:\/\/alfasegur.com\/wp-content\/uploads\/2017\/09\/20-11-2017-2-38-45-p.-m..png 336w\" alt=\"\" width=\"238\" height=\"38\" \/><br \/>\nAl\u00e1mbrico<\/h5>\n<h5>\u00a0<img loading=\"lazy\" decoding=\"async\" class=\"alignnone wp-image-2279\" src=\"https:\/\/alfasegur.com\/wp-content\/uploads\/2017\/09\/20-11-2017-3-14-34-p.-m.-300x48.png\" sizes=\"(max-width: 232px) 100vw, 232px\" srcset=\"https:\/\/alfasegur.com\/wp-content\/uploads\/2017\/09\/20-11-2017-3-14-34-p.-m.-300x48.png 300w, https:\/\/alfasegur.com\/wp-content\/uploads\/2017\/09\/20-11-2017-3-14-34-p.-m..png 336w\" alt=\"\" width=\"232\" height=\"37\" \/><br \/>\nPara el buen cuidado del DVR siga los siguientes consejos: (1) mantenga el DVR en lugares ventilados, libres de humo y polvo, de lo contrario el equipo puede recalentar, (2) no coloque objetos sobre el DVR, (3) mantenga limpia la rejilla de ventilaci\u00f3n.<\/h5>\n","protected":false},"excerpt":{"rendered":"<p>C\u00e1mara de seguridad \u2013 HikVision KIT HD con 8 c\u00e1maras IP 4MP PoE (tipo domo y tubo) con infrarrojo para vista en oscuridad, disco duro de 3Tb (3000GB) para grabaci\u00f3n, NVR 8 canales (soporta hasta 8 c\u00e1maras), y accesorios para la instalaci\u00f3n. Puede visualizar las c\u00e1maras en tiempo real, ver las grabaciones, y descargar f\u00e1cilmente los videos para tener copias de seguridad.<\/p>\n","protected":false},"featured_media":1573,"comment_status":"open","ping_status":"closed","template":"","meta":{"_et_pb_use_builder":"","_et_pb_old_content":"","_et_gb_content_width":"","_uag_custom_page_level_css":""},"product_brand":[],"product_cat":[37],"product_tag":[],"class_list":{"0":"post-1571","1":"product","2":"type-product","3":"status-publish","4":"has-post-thumbnail","6":"product_cat-kit-8camaras","8":"first","9":"instock","10":"taxable","11":"shipping-taxable","12":"purchasable","13":"product-type-simple"},"uagb_featured_image_src":{"full":["https:\/\/infradataperu.com\/wp-content\/uploads\/2023\/12\/new4mpmixto8.jpg",1500,1500,false],"thumbnail":["https:\/\/infradataperu.com\/wp-content\/uploads\/2023\/12\/new4mpmixto8-150x150.jpg",150,150,true],"medium":["https:\/\/infradataperu.com\/wp-content\/uploads\/2023\/12\/new4mpmixto8-300x300.jpg",300,300,true],"medium_large":["https:\/\/infradataperu.com\/wp-content\/uploads\/2023\/12\/new4mpmixto8-768x768.jpg",768,768,true],"large":["https:\/\/infradataperu.com\/wp-content\/uploads\/2023\/12\/new4mpmixto8-1024x1024.jpg",1024,1024,true],"1536x1536":["https:\/\/infradataperu.com\/wp-content\/uploads\/2023\/12\/new4mpmixto8.jpg",1500,1500,false],"2048x2048":["https:\/\/infradataperu.com\/wp-content\/uploads\/2023\/12\/new4mpmixto8.jpg",1500,1500,false],"et-pb-post-main-image":["https:\/\/infradataperu.com\/wp-content\/uploads\/2023\/12\/new4mpmixto8.jpg",250,250,false],"et-pb-post-main-image-fullwidth":["https:\/\/infradataperu.com\/wp-content\/uploads\/2023\/12\/new4mpmixto8.jpg",675,675,false],"et-pb-portfolio-image":["https:\/\/infradataperu.com\/wp-content\/uploads\/2023\/12\/new4mpmixto8.jpg",284,284,false],"et-pb-portfolio-module-image":["https:\/\/infradataperu.com\/wp-content\/uploads\/2023\/12\/new4mpmixto8.jpg",382,382,false],"et-pb-portfolio-image-single":["https:\/\/infradataperu.com\/wp-content\/uploads\/2023\/12\/new4mpmixto8.jpg",1080,1080,false],"et-pb-gallery-module-image-portrait":["https:\/\/infradataperu.com\/wp-content\/uploads\/2023\/12\/new4mpmixto8.jpg",400,400,false],"et-pb-post-main-image-fullwidth-large":["https:\/\/infradataperu.com\/wp-content\/uploads\/2023\/12\/new4mpmixto8.jpg",1500,1500,false],"et-pb-image--responsive--desktop":["https:\/\/infradataperu.com\/wp-content\/uploads\/2023\/12\/new4mpmixto8.jpg",720,720,false],"et-pb-image--responsive--tablet":["https:\/\/infradataperu.com\/wp-content\/uploads\/2023\/12\/new4mpmixto8.jpg",551,551,false],"et-pb-image--responsive--phone":["https:\/\/infradataperu.com\/wp-content\/uploads\/2023\/12\/new4mpmixto8.jpg",270,270,false],"woocommerce_thumbnail":["https:\/\/infradataperu.com\/wp-content\/uploads\/2023\/12\/new4mpmixto8-300x300.jpg",300,300,true],"woocommerce_single":["https:\/\/infradataperu.com\/wp-content\/uploads\/2023\/12\/new4mpmixto8-600x600.jpg",600,600,true],"woocommerce_gallery_thumbnail":["https:\/\/infradataperu.com\/wp-content\/uploads\/2023\/12\/new4mpmixto8-100x100.jpg",100,100,true]},"uagb_author_info":{"display_name":"rosmel.edwam","author_link":"https:\/\/infradataperu.com\/index.php\/author\/"},"uagb_comment_info":0,"uagb_excerpt":"C\u00e1mara de seguridad \u2013 HikVision KIT HD con 8 c\u00e1maras IP 4MP PoE (tipo domo y tubo) con infrarrojo para vista en oscuridad, disco duro de 3Tb (3000GB) para grabaci\u00f3n, NVR 8 canales (soporta hasta 8 c\u00e1maras), y accesorios para la instalaci\u00f3n. Puede visualizar las c\u00e1maras en tiempo real, ver las grabaciones, y descargar f\u00e1cilmente&hellip;","_links":{"self":[{"href":"https:\/\/infradataperu.com\/index.php\/wp-json\/wp\/v2\/product\/1571","targetHints":{"allow":["GET"]}}],"collection":[{"href":"https:\/\/infradataperu.com\/index.php\/wp-json\/wp\/v2\/product"}],"about":[{"href":"https:\/\/infradataperu.com\/index.php\/wp-json\/wp\/v2\/types\/product"}],"replies":[{"embeddable":true,"href":"https:\/\/infradataperu.com\/index.php\/wp-json\/wp\/v2\/comments?post=1571"}],"wp:featuredmedia":[{"embeddable":true,"href":"https:\/\/infradataperu.com\/index.php\/wp-json\/wp\/v2\/media\/1573"}],"wp:attachment":[{"href":"https:\/\/infradataperu.com\/index.php\/wp-json\/wp\/v2\/media?parent=1571"}],"wp:term":[{"taxonomy":"product_brand","embeddable":true,"href":"https:\/\/infradataperu.com\/index.php\/wp-json\/wp\/v2\/product_brand?post=1571"},{"taxonomy":"product_cat","embeddable":true,"href":"https:\/\/infradataperu.com\/index.php\/wp-json\/wp\/v2\/product_cat?post=1571"},{"taxonomy":"product_tag","embeddable":true,"href":"https:\/\/infradataperu.com\/index.php\/wp-json\/wp\/v2\/product_tag?post=1571"}],"curies":[{"name":"wp","href":"https:\/\/api.w.org\/{rel}","templated":true}]}}